{"id":9881,"date":"2019-11-25T15:46:45","date_gmt":"2019-11-25T15:46:45","guid":{"rendered":"http:\/\/e.foundation\/?page_id=9881"},"modified":"2022-08-09T08:17:07","modified_gmt":"2022-08-09T08:17:07","slug":"get-involved","status":"publish","type":"page","link":"https:\/\/staging01.e.foundation\/fr\/get-involved","title":{"rendered":"Get Involved"},"content":{"rendered":"<div data-elementor-type=\"wp-page\" data-elementor-id=\"9881\" class=\"elementor elementor-9881\" data-elementor-post-type=\"page\">\n\t\t\t\t\t\t<section class=\"elementor-section elementor-top-section elementor-element elementor-element-4ac9b8a4 elementor-section-height-min-height elementor-section-boxed elementor-section-height-default elementor-section-items-middle\" data-id=\"4ac9b8a4\" data-element_type=\"section\" data-e-type=\"section\" id=\"my-ancor1\">\n\t\t\t\t\t\t<div class=\"elementor-container elementor-column-gap-default\">\n\t\t\t\t\t<div class=\"elementor-column elementor-col-100 elementor-top-column elementor-element elementor-element-25a23987\" data-id=\"25a23987\" data-element_type=\"column\" data-e-type=\"column\">\n\t\t\t<div class=\"elementor-widget-wrap elementor-element-populated\">\n\t\t\t\t\t\t<div class=\"elementor-element elementor-element-650bc054 elementor-widget elementor-widget-heading\" data-id=\"650bc054\" data-element_type=\"widget\" data-e-type=\"widget\" data-widget_type=\"heading.default\">\n\t\t\t\t<div class=\"elementor-widget-container\">\n\t\t\t\t\t<h2 class=\"elementor-heading-title elementor-size-default\">Rejoignez une communaut\u00e9 mondiale, devenez b\u00e9n\u00e9vole aupr\u00e8s d\u2019\/e\/OS !<\/h2>\t\t\t\t<\/div>\n\t\t\t\t<\/div>\n\t\t\t\t<div class=\"elementor-element elementor-element-4b82ec21 elementor-widget-divider--view-line elementor-widget elementor-widget-divider\" data-id=\"4b82ec21\" data-element_type=\"widget\" data-e-type=\"widget\" data-widget_type=\"divider.default\">\n\t\t\t\t<div class=\"elementor-widget-container\">\n\t\t\t\t\t\t\t<div class=\"elementor-divider\">\n\t\t\t<span class=\"elementor-divider-separator\">\n\t\t\t\t\t\t<\/span>\n\t\t<\/div>\n\t\t\t\t\t\t<\/div>\n\t\t\t\t<\/div>\n\t\t\t\t<div class=\"elementor-element elementor-element-34ba79d7 elementor-widget elementor-widget-text-editor\" data-id=\"34ba79d7\" data-element_type=\"widget\" data-e-type=\"widget\" data-widget_type=\"text-editor.default\">\n\t\t\t\t<div class=\"elementor-widget-container\">\n\t\t\t\t\t\t\t\t\t<p>Il y a diff\u00e9rentes fa\u00e7ons, directes et indirectes, de contribuer quelles que soient vos aptitudes, int\u00e9r\u00eats ou votre disponibilit\u00e9.<\/p>\t\t\t\t\t\t\t\t<\/div>\n\t\t\t\t<\/div>\n\t\t\t\t\t<\/div>\n\t\t<\/div>\n\t\t\t\t\t<\/div>\n\t\t<\/section>\n\t\t\t\t<section class=\"elementor-section elementor-top-section elementor-element elementor-element-c94d5a6 elementor-section-height-min-height elementor-section-boxed elementor-section-height-default elementor-section-items-middle\" data-id=\"c94d5a6\" data-element_type=\"section\" data-e-type=\"section\">\n\t\t\t\t\t\t<div class=\"elementor-container elementor-column-gap-default\">\n\t\t\t\t\t<div class=\"elementor-column elementor-col-33 elementor-top-column elementor-element elementor-element-5efac2b\" data-id=\"5efac2b\" data-element_type=\"column\" data-e-type=\"column\">\n\t\t\t<div class=\"elementor-widget-wrap elementor-element-populated\">\n\t\t\t\t\t\t<div class=\"elementor-element elementor-element-543cdde elementor-position-top elementor-widget elementor-widget-image-box\" data-id=\"543cdde\" data-element_type=\"widget\" data-e-type=\"widget\" data-widget_type=\"image-box.default\">\n\t\t\t\t<div class=\"elementor-widget-container\">\n\t\t\t\t\t<div class=\"elementor-image-box-wrapper\"><figure class=\"elementor-image-box-img\"><img decoding=\"async\" width=\"168\" height=\"178\" src=\"https:\/\/staging01.e.foundation\/wp-content\/uploads\/2019\/11\/developer.png\" class=\"attachment-full size-full wp-image-9897\" alt=\"\" srcset=\"https:\/\/staging01.e.foundation\/wp-content\/uploads\/2019\/11\/developer.png 168w, https:\/\/staging01.e.foundation\/wp-content\/uploads\/2019\/11\/developer-142x150.png 142w\" sizes=\"(max-width: 168px) 100vw, 168px\" \/><\/figure><div class=\"elementor-image-box-content\"><h3 class=\"elementor-image-box-title\">Devenez un D\u00e9veloppeur<\/h3><p class=\"elementor-image-box-description\">Am\u00e9liorez l\u2019OS ou les applications, devenez responsable de ROM, ou contribuez au projet microG, une alternative 100% open-source aux services Google. Votre expertise est la bienvenue !<\/p><\/div><\/div>\t\t\t\t<\/div>\n\t\t\t\t<\/div>\n\t\t\t\t<div class=\"elementor-element elementor-element-a964106 elementor-align-center btn-green elementor-widget elementor-widget-button\" data-id=\"a964106\" data-element_type=\"widget\" data-e-type=\"widget\" data-widget_type=\"button.default\">\n\t\t\t\t<div class=\"elementor-widget-container\">\n\t\t\t\t\t\t\t\t\t<div class=\"elementor-button-wrapper\">\n\t\t\t\t\t<a class=\"elementor-button elementor-button-link elementor-size-sm\" href=\"https:\/\/doc.e.foundation\/projects-looking-for-contributors\" target=\"_blank\">\n\t\t\t\t\t\t<span class=\"elementor-button-content-wrapper\">\n\t\t\t\t\t\t\t\t\t<span class=\"elementor-button-text\">PARCOURIR LES PROJETS OUVERTS<\/span>\n\t\t\t\t\t<\/span>\n\t\t\t\t\t<\/a>\n\t\t\t\t<\/div>\n\t\t\t\t\t\t\t\t<\/div>\n\t\t\t\t<\/div>\n\t\t\t\t\t<\/div>\n\t\t<\/div>\n\t\t\t\t<div class=\"elementor-column elementor-col-33 elementor-top-column elementor-element elementor-element-93c262c\" data-id=\"93c262c\" data-element_type=\"column\" data-e-type=\"column\">\n\t\t\t<div class=\"elementor-widget-wrap elementor-element-populated\">\n\t\t\t\t\t\t<div class=\"elementor-element elementor-element-97f5d2a elementor-position-top elementor-widget elementor-widget-image-box\" data-id=\"97f5d2a\" data-element_type=\"widget\" data-e-type=\"widget\" data-widget_type=\"image-box.default\">\n\t\t\t\t<div class=\"elementor-widget-container\">\n\t\t\t\t\t<div class=\"elementor-image-box-wrapper\"><figure class=\"elementor-image-box-img\"><img decoding=\"async\" width=\"202\" height=\"229\" src=\"https:\/\/staging01.e.foundation\/wp-content\/uploads\/2019\/11\/translator3.png\" class=\"attachment-full size-full wp-image-9906\" alt=\"\" srcset=\"https:\/\/staging01.e.foundation\/wp-content\/uploads\/2019\/11\/translator3.png 202w, https:\/\/staging01.e.foundation\/wp-content\/uploads\/2019\/11\/translator3-132x150.png 132w\" sizes=\"(max-width: 202px) 100vw, 202px\" \/><\/figure><div class=\"elementor-image-box-content\"><h3 class=\"elementor-image-box-title\">Devenez un Traducteur<\/h3><p class=\"elementor-image-box-description\">Vous aimeriez que ce site web ou notre bulletin d'information soient disponibles dans votre langue ? Ne cherchez plus et rejoignez l'\u00e9quipe internationale de traduction.<\/p><\/div><\/div>\t\t\t\t<\/div>\n\t\t\t\t<\/div>\n\t\t\t\t<div class=\"elementor-element elementor-element-5a5dfa8 elementor-align-center btn-green elementor-widget elementor-widget-button\" data-id=\"5a5dfa8\" data-element_type=\"widget\" data-e-type=\"widget\" data-widget_type=\"button.default\">\n\t\t\t\t<div class=\"elementor-widget-container\">\n\t\t\t\t\t\t\t\t\t<div class=\"elementor-button-wrapper\">\n\t\t\t\t\t<a class=\"elementor-button elementor-button-link elementor-size-sm\" href=\"mailto:contact@e.email\">\n\t\t\t\t\t\t<span class=\"elementor-button-content-wrapper\">\n\t\t\t\t\t\t\t\t\t<span class=\"elementor-button-text\">REJOINDRE L'\u00c9QUIPE DE TRADUCTION<\/span>\n\t\t\t\t\t<\/span>\n\t\t\t\t\t<\/a>\n\t\t\t\t<\/div>\n\t\t\t\t\t\t\t\t<\/div>\n\t\t\t\t<\/div>\n\t\t\t\t\t<\/div>\n\t\t<\/div>\n\t\t\t\t<div class=\"elementor-column elementor-col-33 elementor-top-column elementor-element elementor-element-6f83214\" data-id=\"6f83214\" data-element_type=\"column\" data-e-type=\"column\">\n\t\t\t<div class=\"elementor-widget-wrap elementor-element-populated\">\n\t\t\t\t\t\t<div class=\"elementor-element elementor-element-c66b726 elementor-position-top elementor-widget elementor-widget-image-box\" data-id=\"c66b726\" data-element_type=\"widget\" data-e-type=\"widget\" data-widget_type=\"image-box.default\">\n\t\t\t\t<div class=\"elementor-widget-container\">\n\t\t\t\t\t<div class=\"elementor-image-box-wrapper\"><figure class=\"elementor-image-box-img\"><img decoding=\"async\" width=\"170\" height=\"193\" src=\"https:\/\/staging01.e.foundation\/wp-content\/uploads\/2019\/11\/volunteer.png\" class=\"attachment-full size-full wp-image-9915\" alt=\"\" srcset=\"https:\/\/staging01.e.foundation\/wp-content\/uploads\/2019\/11\/volunteer.png 170w, https:\/\/staging01.e.foundation\/wp-content\/uploads\/2019\/11\/volunteer-132x150.png 132w\" sizes=\"(max-width: 170px) 100vw, 170px\" \/><\/figure><div class=\"elementor-image-box-content\"><h3 class=\"elementor-image-box-title\">Devenez un B\u00e9n\u00e9vole<\/h3><p class=\"elementor-image-box-description\">Vous voulez pr\u00e9senter \/e\/OS au monde entier, supporter \/e\/OS \u00e0 des \u00e9v\u00e8nements traitant des donn\u00e9es personnelles, organiser une \"install party\", ou encore soumettre vos id\u00e9es pour toucher plus d\u2019utilisateurs ? Prenez contact avec nous.<\/p><\/div><\/div>\t\t\t\t<\/div>\n\t\t\t\t<\/div>\n\t\t\t\t<div class=\"elementor-element elementor-element-930b64a elementor-align-center btn-green elementor-widget elementor-widget-button\" data-id=\"930b64a\" data-element_type=\"widget\" data-e-type=\"widget\" data-widget_type=\"button.default\">\n\t\t\t\t<div class=\"elementor-widget-container\">\n\t\t\t\t\t\t\t\t\t<div class=\"elementor-button-wrapper\">\n\t\t\t\t\t<a class=\"elementor-button elementor-button-link elementor-size-sm\" href=\"mailto:join@e.email\">\n\t\t\t\t\t\t<span class=\"elementor-button-content-wrapper\">\n\t\t\t\t\t\t\t\t\t<span class=\"elementor-button-text\">DEVENIR B\u00c9N\u00c9VOLE<\/span>\n\t\t\t\t\t<\/span>\n\t\t\t\t\t<\/a>\n\t\t\t\t<\/div>\n\t\t\t\t\t\t\t\t<\/div>\n\t\t\t\t<\/div>\n\t\t\t\t\t<\/div>\n\t\t<\/div>\n\t\t\t\t\t<\/div>\n\t\t<\/section>\n\t\t\t\t<section class=\"elementor-section elementor-top-section elementor-element elementor-element-a02240d elementor-section-height-min-height elementor-section-boxed elementor-section-height-default elementor-section-items-middle\" data-id=\"a02240d\" data-element_type=\"section\" data-e-type=\"section\">\n\t\t\t\t\t\t<div class=\"elementor-container elementor-column-gap-default\">\n\t\t\t\t\t<div class=\"elementor-column elementor-col-33 elementor-top-column elementor-element elementor-element-746f511\" data-id=\"746f511\" data-element_type=\"column\" data-e-type=\"column\">\n\t\t\t<div class=\"elementor-widget-wrap elementor-element-populated\">\n\t\t\t\t\t\t<div class=\"elementor-element elementor-element-9b9d409 elementor-position-top elementor-widget elementor-widget-image-box\" data-id=\"9b9d409\" data-element_type=\"widget\" data-e-type=\"widget\" data-widget_type=\"image-box.default\">\n\t\t\t\t<div class=\"elementor-widget-container\">\n\t\t\t\t\t<div class=\"elementor-image-box-wrapper\"><figure class=\"elementor-image-box-img\"><img loading=\"lazy\" decoding=\"async\" width=\"126\" height=\"125\" src=\"https:\/\/staging01.e.foundation\/wp-content\/uploads\/2020\/10\/Newsletter-visuals-09.png\" class=\"attachment-full size-full wp-image-14904\" alt=\"\" srcset=\"https:\/\/staging01.e.foundation\/wp-content\/uploads\/2020\/10\/Newsletter-visuals-09.png 126w, https:\/\/staging01.e.foundation\/wp-content\/uploads\/2020\/10\/Newsletter-visuals-09-24x24.png 24w, https:\/\/staging01.e.foundation\/wp-content\/uploads\/2020\/10\/Newsletter-visuals-09-48x48.png 48w, https:\/\/staging01.e.foundation\/wp-content\/uploads\/2020\/10\/Newsletter-visuals-09-96x96.png 96w\" sizes=\"(max-width: 126px) 100vw, 126px\" \/><\/figure><div class=\"elementor-image-box-content\"><h3 class=\"elementor-image-box-title\">Se connecter via les r\u00e9seaux sociaux<\/h3><p class=\"elementor-image-box-description\">Restez connect\u00e9 avec \/e\/OS pour en apprendre plus \u00e0 propos du projet, recevoir nos derni\u00e8res informations, annonces et opportunit\u00e9s.<\/p><\/div><\/div>\t\t\t\t<\/div>\n\t\t\t\t<\/div>\n\t\t\t\t<div class=\"elementor-element elementor-element-087bc1c elementor-align-center btn-green elementor-widget elementor-widget-button\" data-id=\"087bc1c\" data-element_type=\"widget\" data-e-type=\"widget\" data-widget_type=\"button.default\">\n\t\t\t\t<div class=\"elementor-widget-container\">\n\t\t\t\t\t\t\t\t\t<div class=\"elementor-button-wrapper\">\n\t\t\t\t\t<a class=\"elementor-button elementor-button-link elementor-size-sm\" href=\"https:\/\/twitter.com\/e_mydata\" target=\"_blank\">\n\t\t\t\t\t\t<span class=\"elementor-button-content-wrapper\">\n\t\t\t\t\t\t<span class=\"elementor-button-icon\">\n\t\t\t\t<i aria-hidden=\"true\" class=\"fab fa-twitter\"><\/i>\t\t\t<\/span>\n\t\t\t\t\t\t\t\t\t<span class=\"elementor-button-text\">SUIVEZ-NOUS<\/span>\n\t\t\t\t\t<\/span>\n\t\t\t\t\t<\/a>\n\t\t\t\t<\/div>\n\t\t\t\t\t\t\t\t<\/div>\n\t\t\t\t<\/div>\n\t\t\t\t<div class=\"elementor-element elementor-element-c14a4b7 elementor-align-center btn-green elementor-widget elementor-widget-button\" data-id=\"c14a4b7\" data-element_type=\"widget\" data-e-type=\"widget\" data-widget_type=\"button.default\">\n\t\t\t\t<div class=\"elementor-widget-container\">\n\t\t\t\t\t\t\t\t\t<div class=\"elementor-button-wrapper\">\n\t\t\t\t\t<a class=\"elementor-button elementor-button-link elementor-size-sm\" href=\"https:\/\/mastodon.social\/@e_mydata\" target=\"_blank\">\n\t\t\t\t\t\t<span class=\"elementor-button-content-wrapper\">\n\t\t\t\t\t\t<span class=\"elementor-button-icon\">\n\t\t\t\t<i aria-hidden=\"true\" class=\"fab fa-mastodon\"><\/i>\t\t\t<\/span>\n\t\t\t\t\t\t\t\t\t<span class=\"elementor-button-text\">SUIVEZ-NOUS<\/span>\n\t\t\t\t\t<\/span>\n\t\t\t\t\t<\/a>\n\t\t\t\t<\/div>\n\t\t\t\t\t\t\t\t<\/div>\n\t\t\t\t<\/div>\n\t\t\t\t\t<\/div>\n\t\t<\/div>\n\t\t\t\t<div class=\"elementor-column elementor-col-33 elementor-top-column elementor-element elementor-element-9b4e041\" data-id=\"9b4e041\" data-element_type=\"column\" data-e-type=\"column\">\n\t\t\t<div class=\"elementor-widget-wrap elementor-element-populated\">\n\t\t\t\t\t\t<div class=\"elementor-element elementor-element-3942ff5 elementor-position-top elementor-widget elementor-widget-image-box\" data-id=\"3942ff5\" data-element_type=\"widget\" data-e-type=\"widget\" data-widget_type=\"image-box.default\">\n\t\t\t\t<div class=\"elementor-widget-container\">\n\t\t\t\t\t<div class=\"elementor-image-box-wrapper\"><figure class=\"elementor-image-box-img\"><img loading=\"lazy\" decoding=\"async\" width=\"169\" height=\"169\" src=\"https:\/\/staging01.e.foundation\/wp-content\/uploads\/2019\/11\/writer.png\" class=\"attachment-full size-full wp-image-9933\" alt=\"\" srcset=\"https:\/\/staging01.e.foundation\/wp-content\/uploads\/2019\/11\/writer.png 169w, https:\/\/staging01.e.foundation\/wp-content\/uploads\/2019\/11\/writer-150x150.png 150w\" sizes=\"(max-width: 169px) 100vw, 169px\" \/><\/figure><div class=\"elementor-image-box-content\"><h3 class=\"elementor-image-box-title\">Contribuez en tant que R\u00e9dacteur<\/h3><p class=\"elementor-image-box-description\">Avez-vous des comp\u00e9tences en \u00e9criture et vous sentez-vous concern\u00e9 \u00e0 propos des donn\u00e9es personnelles et de la vie priv\u00e9e ? Connectons-nous !<\/p><\/div><\/div>\t\t\t\t<\/div>\n\t\t\t\t<\/div>\n\t\t\t\t<div class=\"elementor-element elementor-element-05d3194 elementor-align-center btn-green elementor-widget elementor-widget-button\" data-id=\"05d3194\" data-element_type=\"widget\" data-e-type=\"widget\" data-widget_type=\"button.default\">\n\t\t\t\t<div class=\"elementor-widget-container\">\n\t\t\t\t\t\t\t\t\t<div class=\"elementor-button-wrapper\">\n\t\t\t\t\t<a class=\"elementor-button elementor-button-link elementor-size-sm\" href=\"mailto:contact@e.email\" target=\"_blank\">\n\t\t\t\t\t\t<span class=\"elementor-button-content-wrapper\">\n\t\t\t\t\t\t\t\t\t<span class=\"elementor-button-text\">SOUMETTRE DU CONTENU<\/span>\n\t\t\t\t\t<\/span>\n\t\t\t\t\t<\/a>\n\t\t\t\t<\/div>\n\t\t\t\t\t\t\t\t<\/div>\n\t\t\t\t<\/div>\n\t\t\t\t\t<\/div>\n\t\t<\/div>\n\t\t\t\t<div class=\"elementor-column elementor-col-33 elementor-top-column elementor-element elementor-element-c0754ff\" data-id=\"c0754ff\" data-element_type=\"column\" data-e-type=\"column\">\n\t\t\t<div class=\"elementor-widget-wrap elementor-element-populated\">\n\t\t\t\t\t\t<div class=\"elementor-element elementor-element-ea26cc5 elementor-position-top elementor-widget elementor-widget-image-box\" data-id=\"ea26cc5\" data-element_type=\"widget\" data-e-type=\"widget\" data-widget_type=\"image-box.default\">\n\t\t\t\t<div class=\"elementor-widget-container\">\n\t\t\t\t\t<div class=\"elementor-image-box-wrapper\"><figure class=\"elementor-image-box-img\"><img loading=\"lazy\" decoding=\"async\" width=\"169\" height=\"169\" src=\"https:\/\/staging01.e.foundation\/wp-content\/uploads\/2019\/11\/donate-2.png\" class=\"attachment-full size-full wp-image-9942\" alt=\"\" srcset=\"https:\/\/staging01.e.foundation\/wp-content\/uploads\/2019\/11\/donate-2.png 169w, https:\/\/staging01.e.foundation\/wp-content\/uploads\/2019\/11\/donate-2-150x150.png 150w\" sizes=\"(max-width: 169px) 100vw, 169px\" \/><\/figure><div class=\"elementor-image-box-content\"><h3 class=\"elementor-image-box-title\">Donnez \u00e0 la e foundation<\/h3><p class=\"elementor-image-box-description\">Pas encore pr\u00eat \u00e0 sauter le pas ? Vous pouvez nous soutenir dans notre mission pour reprendre le contr\u00f4le de nos donn\u00e9es. En tant qu'association, nous comptons sur les dons pour mener \u00e0 bien notre mission.<\/p><\/div><\/div>\t\t\t\t<\/div>\n\t\t\t\t<\/div>\n\t\t\t\t<div class=\"elementor-element elementor-element-d4982df elementor-align-center btn-green elementor-widget elementor-widget-button\" data-id=\"d4982df\" data-element_type=\"widget\" data-e-type=\"widget\" data-widget_type=\"button.default\">\n\t\t\t\t<div class=\"elementor-widget-container\">\n\t\t\t\t\t\t\t\t\t<div class=\"elementor-button-wrapper\">\n\t\t\t\t\t<a class=\"elementor-button elementor-button-link elementor-size-sm\" href=\"https:\/\/staging01.e.foundation\/fr\/donate\">\n\t\t\t\t\t\t<span class=\"elementor-button-content-wrapper\">\n\t\t\t\t\t\t\t\t\t<span class=\"elementor-button-text\">FAIRE UN DON<\/span>\n\t\t\t\t\t<\/span>\n\t\t\t\t\t<\/a>\n\t\t\t\t<\/div>\n\t\t\t\t\t\t\t\t<\/div>\n\t\t\t\t<\/div>\n\t\t\t\t\t<\/div>\n\t\t<\/div>\n\t\t\t\t\t<\/div>\n\t\t<\/section>\n\t\t\t\t<section class=\"elementor-section elementor-top-section elementor-element elementor-element-d33579f elementor-section-boxed elementor-section-height-default elementor-section-height-default\" data-id=\"d33579f\" data-element_type=\"section\" data-e-type=\"section\">\n\t\t\t\t\t\t<div class=\"elementor-container elementor-column-gap-default\">\n\t\t\t\t\t<div class=\"elementor-column elementor-col-100 elementor-top-column elementor-element elementor-element-c9e5ca9\" data-id=\"c9e5ca9\" data-element_type=\"column\" data-e-type=\"column\">\n\t\t\t<div class=\"elementor-widget-wrap elementor-element-populated\">\n\t\t\t\t\t\t<div class=\"elementor-element elementor-element-9ad5d90 elementor-widget elementor-widget-spacer\" data-id=\"9ad5d90\" data-element_type=\"widget\" data-e-type=\"widget\" data-widget_type=\"spacer.default\">\n\t\t\t\t<div class=\"elementor-widget-container\">\n\t\t\t\t\t\t\t<div class=\"elementor-spacer\">\n\t\t\t<div class=\"elementor-spacer-inner\"><\/div>\n\t\t<\/div>\n\t\t\t\t\t\t<\/div>\n\t\t\t\t<\/div>\n\t\t\t\t\t<\/div>\n\t\t<\/div>\n\t\t\t\t\t<\/div>\n\t\t<\/section>\n\t\t\t\t<\/div>","protected":false},"excerpt":{"rendered":"<p>Join a worldwide community, and volunteer with \/e\/OS! There are many ways, both direct and indirect, to contribute depending on&#8230;<\/p>","protected":false},"author":1,"featured_media":0,"parent":0,"menu_order":0,"comment_status":"closed","ping_status":"closed","template":"","meta":{"_seopress_robots_primary_cat":"","_seopress_titles_title":"","_seopress_titles_desc":"","_seopress_robots_index":"","footnotes":""},"class_list":["post-9881","page","type-page","status-publish","hentry","wpbf-post"],"_links":{"self":[{"href":"https:\/\/staging01.e.foundation\/fr\/wp-json\/wp\/v2\/pages\/9881","targetHints":{"allow":["GET"]}}],"collection":[{"href":"https:\/\/staging01.e.foundation\/fr\/wp-json\/wp\/v2\/pages"}],"about":[{"href":"https:\/\/staging01.e.foundation\/fr\/wp-json\/wp\/v2\/types\/page"}],"author":[{"embeddable":true,"href":"https:\/\/staging01.e.foundation\/fr\/wp-json\/wp\/v2\/users\/1"}],"replies":[{"embeddable":true,"href":"https:\/\/staging01.e.foundation\/fr\/wp-json\/wp\/v2\/comments?post=9881"}],"version-history":[{"count":0,"href":"https:\/\/staging01.e.foundation\/fr\/wp-json\/wp\/v2\/pages\/9881\/revisions"}],"wp:attachment":[{"href":"https:\/\/staging01.e.foundation\/fr\/wp-json\/wp\/v2\/media?parent=9881"}],"curies":[{"name":"wp","href":"https:\/\/api.w.org\/{rel}","templated":true}]}}