{"id":11743,"date":"2019-12-18T18:24:34","date_gmt":"2019-12-18T18:24:34","guid":{"rendered":"https:\/\/staging01.e.foundation\/?page_id=11743"},"modified":"2020-10-09T12:26:27","modified_gmt":"2020-10-09T12:26:27","slug":"donate-alternatives","status":"publish","type":"page","link":"https:\/\/staging01.e.foundation\/fr\/donate-alternatives","title":{"rendered":"Donate Alternatives"},"content":{"rendered":"<div data-elementor-type=\"wp-page\" data-elementor-id=\"11743\" class=\"elementor elementor-11743\" data-elementor-post-type=\"page\">\n\t\t\t\t\t\t<section class=\"elementor-section elementor-top-section elementor-element elementor-element-f03cea1 elementor-section-height-min-height elementor-section-boxed elementor-section-height-default elementor-section-items-middle\" data-id=\"f03cea1\" data-element_type=\"section\" data-e-type=\"section\">\n\t\t\t\t\t\t<div class=\"elementor-container elementor-column-gap-default\">\n\t\t\t\t\t<div class=\"elementor-column elementor-col-100 elementor-top-column elementor-element elementor-element-a8e9e32\" data-id=\"a8e9e32\" data-element_type=\"column\" data-e-type=\"column\">\n\t\t\t<div class=\"elementor-widget-wrap elementor-element-populated\">\n\t\t\t\t\t\t<div class=\"elementor-element elementor-element-34d58ad elementor-widget elementor-widget-heading\" data-id=\"34d58ad\" data-element_type=\"widget\" data-e-type=\"widget\" data-widget_type=\"heading.default\">\n\t\t\t\t<div class=\"elementor-widget-container\">\n\t\t\t\t\t<h2 class=\"elementor-heading-title elementor-size-default\">Aidez-nous \u00e0 atteindre notre objectif ambitieux<\/h2>\t\t\t\t<\/div>\n\t\t\t\t<\/div>\n\t\t\t\t<div class=\"elementor-element elementor-element-22f3757 elementor-widget-divider--view-line elementor-widget elementor-widget-divider\" data-id=\"22f3757\" data-element_type=\"widget\" data-e-type=\"widget\" data-widget_type=\"divider.default\">\n\t\t\t\t<div class=\"elementor-widget-container\">\n\t\t\t\t\t\t\t<div class=\"elementor-divider\">\n\t\t\t<span class=\"elementor-divider-separator\">\n\t\t\t\t\t\t<\/span>\n\t\t<\/div>\n\t\t\t\t\t\t<\/div>\n\t\t\t\t<\/div>\n\t\t\t\t<div class=\"elementor-element elementor-element-4b3148b elementor-widget elementor-widget-text-editor\" data-id=\"4b3148b\" data-element_type=\"widget\" data-e-type=\"widget\" data-widget_type=\"text-editor.default\">\n\t\t\t\t<div class=\"elementor-widget-container\">\n\t\t\t\t\t\t\t\t\t<p>e Foundation est un projet \u00e0 but non lucratif, dans l'int\u00e9r\u00eat g\u00e9n\u00e9ral. Nous concevons,  d\u00e9veloppons et mettons \u00e0 disposition un \u00e9cosyst\u00e8me pour t\u00e9l\u00e9phone mobile \u00e0 l\u2019attention d\u2019usagers particuliers et d\u2019entreprises, le tout dans le respect des donn\u00e9es personnelles de ses utilisateurs.<\/p><div class=\"fusion-text\"><p>Pour r\u00e9ussir et \u00eatre viable, le projet a besoin de trouver des ressources financi\u00e8res de diff\u00e9rents horizons. Nous d\u00e9pendons fortement de dons de particuliers et d'entreprises.<\/p><p><b>Merci de faire un don !<\/b><\/p><\/div><p><em><strong>Remarque importante<\/strong>\u00a0Pour le moment, un don au projet \/e\/ n\u2019ouvre aucun droit \u00e0 une d\u00e9duction fiscale.<\/em><\/p>\t\t\t\t\t\t\t\t<\/div>\n\t\t\t\t<\/div>\n\t\t\t\t\t<\/div>\n\t\t<\/div>\n\t\t\t\t\t<\/div>\n\t\t<\/section>\n\t\t\t\t<section class=\"elementor-section elementor-top-section elementor-element elementor-element-32104e1 elementor-section-height-min-height elementor-section-boxed elementor-section-height-default elementor-section-items-middle\" data-id=\"32104e1\" data-element_type=\"section\" data-e-type=\"section\">\n\t\t\t\t\t\t<div class=\"elementor-container elementor-column-gap-default\">\n\t\t\t\t\t<div class=\"elementor-column elementor-col-50 elementor-top-column elementor-element elementor-element-f454a61\" data-id=\"f454a61\" data-element_type=\"column\" data-e-type=\"column\">\n\t\t\t<div class=\"elementor-widget-wrap elementor-element-populated\">\n\t\t\t\t\t\t<div class=\"elementor-element elementor-element-7af3359 elementor-widget elementor-widget-heading\" data-id=\"7af3359\" data-element_type=\"widget\" data-e-type=\"widget\" data-widget_type=\"heading.default\">\n\t\t\t\t<div class=\"elementor-widget-container\">\n\t\t\t\t\t<h2 class=\"elementor-heading-title elementor-size-default\">Faites un don en Euros avec Paypal !<\/h2>\t\t\t\t<\/div>\n\t\t\t\t<\/div>\n\t\t\t\t<div class=\"elementor-element elementor-element-642d594 elementor-widget elementor-widget-image\" data-id=\"642d594\" data-element_type=\"widget\" data-e-type=\"widget\" data-widget_type=\"image.default\">\n\t\t\t\t<div class=\"elementor-widget-container\">\n\t\t\t\t\t\t\t\t\t\t\t\t\t\t\t\t<a href=\"https:\/\/www.paypal.com\/cgi-bin\/webscr?cmd=_s-xclick&#038;hosted_button_id=F7X5KMVHTPNTL&#038;source=url\" target=\"_blank\">\n\t\t\t\t\t\t\t<img fetchpriority=\"high\" decoding=\"async\" width=\"400\" height=\"200\" src=\"https:\/\/staging01.e.foundation\/wp-content\/uploads\/2019\/12\/paypal.jpg\" class=\"attachment-large size-large wp-image-11757\" alt=\"\" srcset=\"https:\/\/staging01.e.foundation\/wp-content\/uploads\/2019\/12\/paypal.jpg 400w, https:\/\/staging01.e.foundation\/wp-content\/uploads\/2019\/12\/paypal-300x150.jpg 300w, https:\/\/staging01.e.foundation\/wp-content\/uploads\/2019\/12\/paypal-150x75.jpg 150w\" sizes=\"(max-width: 400px) 100vw, 400px\" \/>\t\t\t\t\t\t\t\t<\/a>\n\t\t\t\t\t\t\t\t\t\t\t\t\t\t\t<\/div>\n\t\t\t\t<\/div>\n\t\t\t\t<div class=\"elementor-element elementor-element-23a4bd7 elementor-widget elementor-widget-image\" data-id=\"23a4bd7\" data-element_type=\"widget\" data-e-type=\"widget\" data-widget_type=\"image.default\">\n\t\t\t\t<div class=\"elementor-widget-container\">\n\t\t\t\t\t\t\t\t\t\t\t\t\t\t\t\t<a href=\"https:\/\/www.paypal.com\/cgi-bin\/webscr?cmd=_s-xclick&#038;hosted_button_id=F7X5KMVHTPNTL&#038;source=url\" target=\"_blank\">\n\t\t\t\t\t\t\t<img decoding=\"async\" width=\"360\" height=\"100\" src=\"https:\/\/staging01.e.foundation\/wp-content\/uploads\/2019\/12\/card.jpg\" class=\"attachment-large size-large wp-image-11766\" alt=\"\" srcset=\"https:\/\/staging01.e.foundation\/wp-content\/uploads\/2019\/12\/card.jpg 360w, https:\/\/staging01.e.foundation\/wp-content\/uploads\/2019\/12\/card-300x83.jpg 300w, https:\/\/staging01.e.foundation\/wp-content\/uploads\/2019\/12\/card-150x42.jpg 150w\" sizes=\"(max-width: 360px) 100vw, 360px\" \/>\t\t\t\t\t\t\t\t<\/a>\n\t\t\t\t\t\t\t\t\t\t\t\t\t\t\t<\/div>\n\t\t\t\t<\/div>\n\t\t\t\t<div class=\"elementor-element elementor-element-7b01d1c elementor-widget elementor-widget-image\" data-id=\"7b01d1c\" data-element_type=\"widget\" data-e-type=\"widget\" data-widget_type=\"image.default\">\n\t\t\t\t<div class=\"elementor-widget-container\">\n\t\t\t\t\t\t\t\t\t\t\t\t\t\t\t\t<a href=\"https:\/\/www.paypal.com\/cgi-bin\/webscr?cmd=_s-xclick&#038;hosted_button_id=F7X5KMVHTPNTL&#038;source=url\" target=\"_blank\">\n\t\t\t\t\t\t\t<img decoding=\"async\" width=\"400\" height=\"260\" src=\"https:\/\/staging01.e.foundation\/wp-content\/uploads\/2019\/12\/donate-400x260-1.jpg\" class=\"attachment-large size-large wp-image-11784\" alt=\"\" srcset=\"https:\/\/staging01.e.foundation\/wp-content\/uploads\/2019\/12\/donate-400x260-1.jpg 400w, https:\/\/staging01.e.foundation\/wp-content\/uploads\/2019\/12\/donate-400x260-1-300x195.jpg 300w, https:\/\/staging01.e.foundation\/wp-content\/uploads\/2019\/12\/donate-400x260-1-150x98.jpg 150w\" sizes=\"(max-width: 400px) 100vw, 400px\" \/>\t\t\t\t\t\t\t\t<\/a>\n\t\t\t\t\t\t\t\t\t\t\t\t\t\t\t<\/div>\n\t\t\t\t<\/div>\n\t\t\t\t<div class=\"elementor-element elementor-element-83c4669 elementor-widget elementor-widget-image\" data-id=\"83c4669\" data-element_type=\"widget\" data-e-type=\"widget\" data-widget_type=\"image.default\">\n\t\t\t\t<div class=\"elementor-widget-container\">\n\t\t\t\t\t\t\t\t\t\t\t\t\t\t\t\t<a href=\"https:\/\/www.paypal.com\/cgi-bin\/webscr?cmd=_s-xclick&#038;hosted_button_id=F7X5KMVHTPNTL&#038;source=url\" target=\"_blank\">\n\t\t\t\t\t\t\t<img loading=\"lazy\" decoding=\"async\" width=\"128\" height=\"128\" src=\"https:\/\/staging01.e.foundation\/wp-content\/uploads\/2019\/12\/Code-QR.png\" class=\"attachment-large size-large wp-image-11775\" alt=\"\" \/>\t\t\t\t\t\t\t\t<\/a>\n\t\t\t\t\t\t\t\t\t\t\t\t\t\t\t<\/div>\n\t\t\t\t<\/div>\n\t\t\t\t\t<\/div>\n\t\t<\/div>\n\t\t\t\t<div class=\"elementor-column elementor-col-50 elementor-top-column elementor-element elementor-element-90e4b6f\" data-id=\"90e4b6f\" data-element_type=\"column\" data-e-type=\"column\">\n\t\t\t<div class=\"elementor-widget-wrap elementor-element-populated\">\n\t\t\t\t\t\t<div class=\"elementor-element elementor-element-dc773a7 elementor-widget elementor-widget-heading\" data-id=\"dc773a7\" data-element_type=\"widget\" data-e-type=\"widget\" data-widget_type=\"heading.default\">\n\t\t\t\t<div class=\"elementor-widget-container\">\n\t\t\t\t\t<h2 class=\"elementor-heading-title elementor-size-default\">Faites un don en Dollars avec Paypal !<\/h2>\t\t\t\t<\/div>\n\t\t\t\t<\/div>\n\t\t\t\t<div class=\"elementor-element elementor-element-10d85a7 elementor-widget elementor-widget-image\" data-id=\"10d85a7\" data-element_type=\"widget\" data-e-type=\"widget\" data-widget_type=\"image.default\">\n\t\t\t\t<div class=\"elementor-widget-container\">\n\t\t\t\t\t\t\t\t\t\t\t\t\t\t\t\t<a href=\"https:\/\/www.paypal.com\/cgi-bin\/webscr?cmd=_s-xclick&#038;hosted_button_id=D3Y8KKQ64RVW6&#038;source=url\" target=\"_blank\">\n\t\t\t\t\t\t\t<img fetchpriority=\"high\" decoding=\"async\" width=\"400\" height=\"200\" src=\"https:\/\/staging01.e.foundation\/wp-content\/uploads\/2019\/12\/paypal.jpg\" class=\"attachment-large size-large wp-image-11757\" alt=\"\" srcset=\"https:\/\/staging01.e.foundation\/wp-content\/uploads\/2019\/12\/paypal.jpg 400w, https:\/\/staging01.e.foundation\/wp-content\/uploads\/2019\/12\/paypal-300x150.jpg 300w, https:\/\/staging01.e.foundation\/wp-content\/uploads\/2019\/12\/paypal-150x75.jpg 150w\" sizes=\"(max-width: 400px) 100vw, 400px\" \/>\t\t\t\t\t\t\t\t<\/a>\n\t\t\t\t\t\t\t\t\t\t\t\t\t\t\t<\/div>\n\t\t\t\t<\/div>\n\t\t\t\t<div class=\"elementor-element elementor-element-792fe5f elementor-widget elementor-widget-image\" data-id=\"792fe5f\" data-element_type=\"widget\" data-e-type=\"widget\" data-widget_type=\"image.default\">\n\t\t\t\t<div class=\"elementor-widget-container\">\n\t\t\t\t\t\t\t\t\t\t\t\t\t\t\t\t<a href=\"https:\/\/www.paypal.com\/cgi-bin\/webscr?cmd=_s-xclick&#038;hosted_button_id=D3Y8KKQ64RVW6&#038;source=url\" target=\"_blank\">\n\t\t\t\t\t\t\t<img decoding=\"async\" width=\"360\" height=\"100\" src=\"https:\/\/staging01.e.foundation\/wp-content\/uploads\/2019\/12\/card.jpg\" class=\"attachment-large size-large wp-image-11766\" alt=\"\" srcset=\"https:\/\/staging01.e.foundation\/wp-content\/uploads\/2019\/12\/card.jpg 360w, https:\/\/staging01.e.foundation\/wp-content\/uploads\/2019\/12\/card-300x83.jpg 300w, https:\/\/staging01.e.foundation\/wp-content\/uploads\/2019\/12\/card-150x42.jpg 150w\" sizes=\"(max-width: 360px) 100vw, 360px\" \/>\t\t\t\t\t\t\t\t<\/a>\n\t\t\t\t\t\t\t\t\t\t\t\t\t\t\t<\/div>\n\t\t\t\t<\/div>\n\t\t\t\t<div class=\"elementor-element elementor-element-67d2461 elementor-widget elementor-widget-image\" data-id=\"67d2461\" data-element_type=\"widget\" data-e-type=\"widget\" data-widget_type=\"image.default\">\n\t\t\t\t<div class=\"elementor-widget-container\">\n\t\t\t\t\t\t\t\t\t\t\t\t\t\t\t\t<a href=\"https:\/\/www.paypal.com\/cgi-bin\/webscr?cmd=_s-xclick&#038;hosted_button_id=D3Y8KKQ64RVW6&#038;source=url\" target=\"_blank\">\n\t\t\t\t\t\t\t<img decoding=\"async\" width=\"400\" height=\"260\" src=\"https:\/\/staging01.e.foundation\/wp-content\/uploads\/2019\/12\/donate-400x260-1.jpg\" class=\"attachment-large size-large wp-image-11784\" alt=\"\" srcset=\"https:\/\/staging01.e.foundation\/wp-content\/uploads\/2019\/12\/donate-400x260-1.jpg 400w, https:\/\/staging01.e.foundation\/wp-content\/uploads\/2019\/12\/donate-400x260-1-300x195.jpg 300w, https:\/\/staging01.e.foundation\/wp-content\/uploads\/2019\/12\/donate-400x260-1-150x98.jpg 150w\" sizes=\"(max-width: 400px) 100vw, 400px\" \/>\t\t\t\t\t\t\t\t<\/a>\n\t\t\t\t\t\t\t\t\t\t\t\t\t\t\t<\/div>\n\t\t\t\t<\/div>\n\t\t\t\t<div class=\"elementor-element elementor-element-1fc3820 elementor-widget elementor-widget-image\" data-id=\"1fc3820\" data-element_type=\"widget\" data-e-type=\"widget\" data-widget_type=\"image.default\">\n\t\t\t\t<div class=\"elementor-widget-container\">\n\t\t\t\t\t\t\t\t\t\t\t\t\t\t\t\t<a href=\"https:\/\/www.paypal.com\/cgi-bin\/webscr?cmd=_s-xclick&#038;hosted_button_id=D3Y8KKQ64RVW6&#038;source=url\" target=\"_blank\">\n\t\t\t\t\t\t\t<img loading=\"lazy\" decoding=\"async\" width=\"128\" height=\"128\" src=\"https:\/\/staging01.e.foundation\/wp-content\/uploads\/2019\/12\/Code-QR1.png\" class=\"attachment-large size-large wp-image-11793\" alt=\"\" \/>\t\t\t\t\t\t\t\t<\/a>\n\t\t\t\t\t\t\t\t\t\t\t\t\t\t\t<\/div>\n\t\t\t\t<\/div>\n\t\t\t\t\t<\/div>\n\t\t<\/div>\n\t\t\t\t\t<\/div>\n\t\t<\/section>\n\t\t\t\t<section class=\"elementor-section elementor-top-section elementor-element elementor-element-66a6ac6 elementor-section-height-min-height elementor-section-boxed elementor-section-height-default elementor-section-items-middle\" data-id=\"66a6ac6\" data-element_type=\"section\" data-e-type=\"section\">\n\t\t\t\t\t\t<div class=\"elementor-container elementor-column-gap-default\">\n\t\t\t\t\t<div class=\"elementor-column elementor-col-50 elementor-top-column elementor-element elementor-element-f543456\" data-id=\"f543456\" data-element_type=\"column\" data-e-type=\"column\">\n\t\t\t<div class=\"elementor-widget-wrap elementor-element-populated\">\n\t\t\t\t\t\t<div class=\"elementor-element elementor-element-ba5310c elementor-widget elementor-widget-heading\" data-id=\"ba5310c\" data-element_type=\"widget\" data-e-type=\"widget\" data-widget_type=\"heading.default\">\n\t\t\t\t<div class=\"elementor-widget-container\">\n\t\t\t\t\t<h2 class=\"elementor-heading-title elementor-size-default\">Faites un don en Bitcoin (BTC)<\/h2>\t\t\t\t<\/div>\n\t\t\t\t<\/div>\n\t\t\t\t<div class=\"elementor-element elementor-element-0289571 elementor-widget elementor-widget-text-editor\" data-id=\"0289571\" data-element_type=\"widget\" data-e-type=\"widget\" data-widget_type=\"text-editor.default\">\n\t\t\t\t<div class=\"elementor-widget-container\">\n\t\t\t\t\t\t\t\t\t<div class=\"fusion-text\"><div class=\"fusion-text\"><p><strong>18jKEnnRCSEvKtJVM7wqHjyubJTGFC4HmA<\/strong><\/p><\/div><\/div>\t\t\t\t\t\t\t\t<\/div>\n\t\t\t\t<\/div>\n\t\t\t\t<div class=\"elementor-element elementor-element-fd4e441 elementor-widget elementor-widget-image\" data-id=\"fd4e441\" data-element_type=\"widget\" data-e-type=\"widget\" data-widget_type=\"image.default\">\n\t\t\t\t<div class=\"elementor-widget-container\">\n\t\t\t\t\t\t\t\t\t\t\t\t\t\t\t<img loading=\"lazy\" decoding=\"async\" width=\"445\" height=\"447\" src=\"https:\/\/staging01.e.foundation\/wp-content\/uploads\/2020\/08\/e_btc.png\" class=\"attachment-large size-large wp-image-14109\" alt=\"\" srcset=\"https:\/\/staging01.e.foundation\/wp-content\/uploads\/2020\/08\/e_btc.png 445w, https:\/\/staging01.e.foundation\/wp-content\/uploads\/2020\/08\/e_btc-300x300.png 300w, https:\/\/staging01.e.foundation\/wp-content\/uploads\/2020\/08\/e_btc-150x150.png 150w, https:\/\/staging01.e.foundation\/wp-content\/uploads\/2020\/08\/e_btc-24x24.png 24w, https:\/\/staging01.e.foundation\/wp-content\/uploads\/2020\/08\/e_btc-48x48.png 48w, https:\/\/staging01.e.foundation\/wp-content\/uploads\/2020\/08\/e_btc-96x96.png 96w\" sizes=\"(max-width: 445px) 100vw, 445px\" \/>\t\t\t\t\t\t\t\t\t\t\t\t\t\t\t<\/div>\n\t\t\t\t<\/div>\n\t\t\t\t\t<\/div>\n\t\t<\/div>\n\t\t\t\t<div class=\"elementor-column elementor-col-50 elementor-top-column elementor-element elementor-element-49e1478\" data-id=\"49e1478\" data-element_type=\"column\" data-e-type=\"column\">\n\t\t\t<div class=\"elementor-widget-wrap elementor-element-populated\">\n\t\t\t\t\t\t<div class=\"elementor-element elementor-element-4fc301d elementor-widget elementor-widget-heading\" data-id=\"4fc301d\" data-element_type=\"widget\" data-e-type=\"widget\" data-widget_type=\"heading.default\">\n\t\t\t\t<div class=\"elementor-widget-container\">\n\t\t\t\t\t<h2 class=\"elementor-heading-title elementor-size-default\">Faites un don en Bitcoin (BCH)<\/h2>\t\t\t\t<\/div>\n\t\t\t\t<\/div>\n\t\t\t\t<div class=\"elementor-element elementor-element-9e175bb elementor-widget elementor-widget-text-editor\" data-id=\"9e175bb\" data-element_type=\"widget\" data-e-type=\"widget\" data-widget_type=\"text-editor.default\">\n\t\t\t\t<div class=\"elementor-widget-container\">\n\t\t\t\t\t\t\t\t\t<p><strong>bitcoincash:qq0emzn3uejwc08rtyas9lajyc3t03uk8sxh9e8jhm<\/strong><\/p>\t\t\t\t\t\t\t\t<\/div>\n\t\t\t\t<\/div>\n\t\t\t\t<div class=\"elementor-element elementor-element-a097575 elementor-widget elementor-widget-image\" data-id=\"a097575\" data-element_type=\"widget\" data-e-type=\"widget\" data-widget_type=\"image.default\">\n\t\t\t\t<div class=\"elementor-widget-container\">\n\t\t\t\t\t\t\t\t\t\t\t\t\t\t\t<img loading=\"lazy\" decoding=\"async\" width=\"316\" height=\"317\" src=\"https:\/\/staging01.e.foundation\/wp-content\/uploads\/2019\/12\/btccash-1.png\" class=\"attachment-large size-large wp-image-11820\" alt=\"\" srcset=\"https:\/\/staging01.e.foundation\/wp-content\/uploads\/2019\/12\/btccash-1.png 316w, https:\/\/staging01.e.foundation\/wp-content\/uploads\/2019\/12\/btccash-1-300x300.png 300w, https:\/\/staging01.e.foundation\/wp-content\/uploads\/2019\/12\/btccash-1-150x150.png 150w\" sizes=\"(max-width: 316px) 100vw, 316px\" \/>\t\t\t\t\t\t\t\t\t\t\t\t\t\t\t<\/div>\n\t\t\t\t<\/div>\n\t\t\t\t\t<\/div>\n\t\t<\/div>\n\t\t\t\t\t<\/div>\n\t\t<\/section>\n\t\t\t\t<section class=\"elementor-section elementor-top-section elementor-element elementor-element-6242b2c elementor-section-boxed elementor-section-height-default elementor-section-height-default\" data-id=\"6242b2c\" data-element_type=\"section\" data-e-type=\"section\">\n\t\t\t\t\t\t<div class=\"elementor-container elementor-column-gap-default\">\n\t\t\t\t\t<div class=\"elementor-column elementor-col-100 elementor-top-column elementor-element elementor-element-f6cdd08\" data-id=\"f6cdd08\" data-element_type=\"column\" data-e-type=\"column\">\n\t\t\t<div class=\"elementor-widget-wrap elementor-element-populated\">\n\t\t\t\t\t\t<div class=\"elementor-element elementor-element-f6e7c6c elementor-widget elementor-widget-spacer\" data-id=\"f6e7c6c\" data-element_type=\"widget\" data-e-type=\"widget\" data-widget_type=\"spacer.default\">\n\t\t\t\t<div class=\"elementor-widget-container\">\n\t\t\t\t\t\t\t<div class=\"elementor-spacer\">\n\t\t\t<div class=\"elementor-spacer-inner\"><\/div>\n\t\t<\/div>\n\t\t\t\t\t\t<\/div>\n\t\t\t\t<\/div>\n\t\t\t\t\t<\/div>\n\t\t<\/div>\n\t\t\t\t\t<\/div>\n\t\t<\/section>\n\t\t\t\t<\/div>","protected":false},"excerpt":{"rendered":"<p>Support our audacious goal e Foundation is a non-profit organization, in the public interest. We design, build and provide a&#8230;<\/p>","protected":false},"author":1,"featured_media":0,"parent":0,"menu_order":0,"comment_status":"closed","ping_status":"closed","template":"elementor_header_footer","meta":{"_seopress_robots_primary_cat":"","_seopress_titles_title":"","_seopress_titles_desc":"","_seopress_robots_index":"","footnotes":""},"class_list":["post-11743","page","type-page","status-publish","hentry","wpbf-post"],"_links":{"self":[{"href":"https:\/\/staging01.e.foundation\/fr\/wp-json\/wp\/v2\/pages\/11743","targetHints":{"allow":["GET"]}}],"collection":[{"href":"https:\/\/staging01.e.foundation\/fr\/wp-json\/wp\/v2\/pages"}],"about":[{"href":"https:\/\/staging01.e.foundation\/fr\/wp-json\/wp\/v2\/types\/page"}],"author":[{"embeddable":true,"href":"https:\/\/staging01.e.foundation\/fr\/wp-json\/wp\/v2\/users\/1"}],"replies":[{"embeddable":true,"href":"https:\/\/staging01.e.foundation\/fr\/wp-json\/wp\/v2\/comments?post=11743"}],"version-history":[{"count":0,"href":"https:\/\/staging01.e.foundation\/fr\/wp-json\/wp\/v2\/pages\/11743\/revisions"}],"wp:attachment":[{"href":"https:\/\/staging01.e.foundation\/fr\/wp-json\/wp\/v2\/media?parent=11743"}],"curies":[{"name":"wp","href":"https:\/\/api.w.org\/{rel}","templated":true}]}}