{"id":10585,"date":"2019-11-27T08:03:09","date_gmt":"2019-11-27T08:03:09","guid":{"rendered":"http:\/\/e.foundation\/?page_id=10585"},"modified":"2022-03-04T17:15:34","modified_gmt":"2022-03-04T17:15:34","slug":"e-email-invite","status":"publish","type":"page","link":"https:\/\/staging01.e.foundation\/fr\/e-email-invite","title":{"rendered":"Cr\u00e9ation de votre compte \/e\/"},"content":{"rendered":"<div data-elementor-type=\"wp-page\" data-elementor-id=\"10585\" class=\"elementor elementor-10585\" data-elementor-post-type=\"page\">\n\t\t\t\t\t\t<section class=\"elementor-section elementor-top-section elementor-element elementor-element-41ae4fb7 elementor-section-height-min-height elementor-section-boxed elementor-section-height-default elementor-section-items-middle\" data-id=\"41ae4fb7\" data-element_type=\"section\" data-e-type=\"section\" id=\"my-ancor1\">\n\t\t\t\t\t\t<div class=\"elementor-container elementor-column-gap-default\">\n\t\t\t\t\t<div class=\"elementor-column elementor-col-100 elementor-top-column elementor-element elementor-element-611f1ff2\" data-id=\"611f1ff2\" data-element_type=\"column\" data-e-type=\"column\">\n\t\t\t<div class=\"elementor-widget-wrap elementor-element-populated\">\n\t\t\t\t\t\t<div class=\"elementor-element elementor-element-2f975bcb elementor-widget elementor-widget-heading\" data-id=\"2f975bcb\" data-element_type=\"widget\" data-e-type=\"widget\" data-widget_type=\"heading.default\">\n\t\t\t\t<div class=\"elementor-widget-container\">\n\t\t\t\t\t<h2 class=\"elementor-heading-title elementor-size-default\">Cr\u00e9ation de votre compte \/e\/<\/h2>\t\t\t\t<\/div>\n\t\t\t\t<\/div>\n\t\t\t\t<div class=\"elementor-element elementor-element-7c4b0d7e elementor-widget-divider--view-line elementor-widget elementor-widget-divider\" data-id=\"7c4b0d7e\" data-element_type=\"widget\" data-e-type=\"widget\" data-widget_type=\"divider.default\">\n\t\t\t\t<div class=\"elementor-widget-container\">\n\t\t\t\t\t\t\t<div class=\"elementor-divider\">\n\t\t\t<span class=\"elementor-divider-separator\">\n\t\t\t\t\t\t<\/span>\n\t\t<\/div>\n\t\t\t\t\t\t<\/div>\n\t\t\t\t<\/div>\n\t\t\t\t<div class=\"elementor-element elementor-element-1a17181 elementor-widget elementor-widget-text-editor\" data-id=\"1a17181\" data-element_type=\"widget\" data-e-type=\"widget\" data-widget_type=\"text-editor.default\">\n\t\t\t\t<div class=\"elementor-widget-container\">\n\t\t\t\t\t\t\t\t\t<p class=\"translation-block\">Cr\u00e9ez <strong>un compte \/e\/ GRATUIT<\/strong> avec une adresse en @e.email unique et personnalis\u00e9e, 1 Go d'espace de stockage et bien d'autres.<\/p>\t\t\t\t\t\t\t\t<\/div>\n\t\t\t\t<\/div>\n\t\t\t\t<div class=\"elementor-element elementor-element-e3d4148 elementor-widget elementor-widget-html\" data-id=\"e3d4148\" data-element_type=\"widget\" data-e-type=\"widget\" data-widget_type=\"html.default\">\n\t\t\t\t<div class=\"elementor-widget-container\">\n\t\t\t\t\t<p id=\"wp-referral-code-message\" style=\"display: none;\" >Code de parrainage: <span id=\"wp-referral-code\" style=\"color: #12b555; font-weight: bold;\">{{REFERAL_CODE}}<\/span><\/p>\n<script>\n    let queryStr = window.location.search;\n    let params = new URLSearchParams(queryStr);\n    const referralCode = params.get('ref');\n    if (referralCode !== null) {\n        const codeEl = document.getElementById('wp-referral-code');\n        codeEl.textContent = referralCode;\n        const el = document.getElementById('wp-referral-code-message');\n        el.style.display = \"inline\";\n    }\n<\/script>\t\t\t\t<\/div>\n\t\t\t\t<\/div>\n\t\t\t\t<div class=\"elementor-element elementor-element-f1eb7a4 elementor-widget elementor-widget-html\" data-id=\"f1eb7a4\" data-element_type=\"widget\" data-e-type=\"widget\" data-widget_type=\"html.default\">\n\t\t\t\t<div class=\"elementor-widget-container\">\n\t\t\t\t\t<section class=\"elementor-section elementor-top-section elementor-element elementor-element-98dab7a elementor-section-boxed elementor-section-height-default elementor-section-height-default\" data-id=\"98dab7a\">\n  <div class=\"elementor-container elementor-column-gap-default\">\n    <div class=\"elementor-row\">\n      <div class=\"elementor-column elementor-col-100 elementor-top-column elementor-element>        <div class=\"elementor-column-wrap \">\n          <div class=\"elementor-widget-wrap\">\n            <div class=\"elementor-element elementor-element-e1dc301 elementor-button-align-center elementor-widget elementor-widget-form\">\n              <div class=\"elementor-widget-container\">\n\n<form class=\"elementor-form\" method=\"post\" name=\"Request Invitation\" action=\"\/fr\/e-email-invite\/submit\/\" data-trp-original-action=\"\/e-email-invite\/submit\/\">\n\n  <div class=\"elementor-form-fields-wrapper elementor-labels-above\">\n    <div class=\"elementor-field-type-email elementor-field-group elementor-column elementor-field-group-mail1 elementor-col-75 elementor-field-required elementor-mark-required\">\n      <label for=\"form-field-mail1\" class=\"elementor-field-label\">Votre adresse email:<\/label>\n      <input size=\"1\" type=\"email\" name=\"mail1\" id=\"form-field-mail1\" class=\"elementor-field elementor-size-sm  elementor-field-textual\" placeholder=\"Adresse email\" required=\"required\" aria-required=\"true\"><\/input>\n    <\/div>\n    <div class=\"elementor-field-type-email elementor-field-group elementor-column elementor-field-group-mail2 elementor-col-75 elementor-field-required elementor-mark-required\">\n        \n      <label for=\"form-field-mail2\" class=\"elementor-field-label\">V\u00e9rifiez votre adresse email :<\/label><input size=\"1\" type=\"email\" name=\"mail2\" id=\"form-field-mail2\" class=\"elementor-field elementor-size-sm  elementor-field-textual\" placeholder=\"Adresse email\" required=\"required\" aria-required=\"true\"><\/input>\n    <\/div>\n    <div class=\"elementor-field-type-html elementor-field-group elementor-column elementor-field-group-field_1 elementor-col-100\">\n\n    Veuillez vous assurer que votre adresse \u00e9lectronique est correcte, sinon vous ne recevrez pas le lien d'activation de votre compte \/e\/ !<\/div>\n\n    <div class=\"elementor-field-type-html elementor-field-group elementor-column elementor-field-group- elementor-col-100\">\n         <\/div>\n    <div class=\"elementor-field-type-html elementor-field-group elementor-column elementor-field-group-CODE\">\n\n      <p>Merci de taper le code que vous voyez dans l'image<\/p>\n      <img decoding=\"async\" src=\"\/e-email-invite\/captcha_img\" alt=\"Code\" style=\"width:145px\" \/> <input name=\"secure\" style='width:150px' placeholder=\"Tapez le code\" type=\"text\" size=\"10\" onfocus=\"this.value=''\" \/>\n      <br\/>   <br\/>\n    <\/div>\n        <div class=\"elementor-field-type-html elementor-field-group elementor-column elementor-col-100\">\n        <input name=\"ref\" id=\"ref_code\" type=\"hidden\" \/>\n\n    <\/div>\n    <div class=\"elementor-field-group elementor-column elementor-field-type-submit elementor-col-100 e-form__buttons\" style=\"    justify-content: start;\">\n      <button type=\"submit\" class=\"elementor-button elementor-size-sm\" style=\"background:#12b555;\">\n        <span >\n          <span class=\"elementor-button-icon\"><\/span>\n          <span class=\"elementor-button-text\">Demandez une invitation<\/span>\n        <\/span>\n      <\/button>\n    <\/div>\n  <\/div>\n<input type=\"hidden\" name=\"trp-form-language\" value=\"fr\"\/><\/form>\n\n<\/div><\/div><\/div><\/div><\/div><\/div><\/div><\/section>\n\n<script>\nconst queryString = window.location.search;\nconst urlParams = new URLSearchParams(queryString);\nif (urlParams.has('ref')) {\n    document.getElementById(\"ref_code\").value = urlParams.get('ref');\n}\n<\/script>\n\n\n\t\t\n\t\t\t\t<\/div>\n\t\t\t\t<\/div>\n\t\t\t\t\t<\/div>\n\t\t<\/div>\n\t\t\t\t\t<\/div>\n\t\t<\/section>\n\t\t\t\t<section class=\"elementor-section elementor-top-section elementor-element elementor-element-97aff49 elementor-section-height-min-height elementor-section-boxed elementor-section-height-default elementor-section-items-middle\" data-id=\"97aff49\" data-element_type=\"section\" data-e-type=\"section\" data-settings=\"{&quot;background_background&quot;:&quot;classic&quot;}\">\n\t\t\t\t\t\t<div class=\"elementor-container elementor-column-gap-default\">\n\t\t\t\t\t<div class=\"elementor-column elementor-col-100 elementor-top-column elementor-element elementor-element-d6bb300\" data-id=\"d6bb300\" data-element_type=\"column\" data-e-type=\"column\">\n\t\t\t<div class=\"elementor-widget-wrap elementor-element-populated\">\n\t\t\t\t\t\t<div class=\"elementor-element elementor-element-c62d31d elementor-widget elementor-widget-heading\" data-id=\"c62d31d\" data-element_type=\"widget\" data-e-type=\"widget\" data-widget_type=\"heading.default\">\n\t\t\t\t<div class=\"elementor-widget-container\">\n\t\t\t\t\t<h2 class=\"elementor-heading-title elementor-size-default\">Que va t-il se passer ensuite ?<\/h2>\t\t\t\t<\/div>\n\t\t\t\t<\/div>\n\t\t\t\t<div class=\"elementor-element elementor-element-d8597af elementor-widget-divider--view-line elementor-widget elementor-widget-divider\" data-id=\"d8597af\" data-element_type=\"widget\" data-e-type=\"widget\" data-widget_type=\"divider.default\">\n\t\t\t\t<div class=\"elementor-widget-container\">\n\t\t\t\t\t\t\t<div class=\"elementor-divider\">\n\t\t\t<span class=\"elementor-divider-separator\">\n\t\t\t\t\t\t<\/span>\n\t\t<\/div>\n\t\t\t\t\t\t<\/div>\n\t\t\t\t<\/div>\n\t\t\t\t<div class=\"elementor-element elementor-element-5995fe8 elementor-widget elementor-widget-text-editor\" data-id=\"5995fe8\" data-element_type=\"widget\" data-e-type=\"widget\" data-widget_type=\"text-editor.default\">\n\t\t\t\t<div class=\"elementor-widget-container\">\n\t\t\t\t\t\t\t\t\t<p>\u00a0<\/p><p>Si votre adresse \u00e9lectronique est valide, vous recevrez un lien d'invitation dans quelques minutes. Il vous permettra de cr\u00e9er un identifiant unique qui sera votre adresse \u00e9lectronique \/e\/, comme \"username@e.email\". Cet identifiant unique vous permettra d'acc\u00e9der aux services en ligne \/e\/ comme le courrier \u00e9lectronique, le stockage en ligne, le calendrier, les contacts... directement depuis votre t\u00e9l\u00e9phone.<\/p><p>Note importante : si vous n'avez pas re\u00e7u votre invitation apr\u00e8s 10 minutes, veuillez v\u00e9rifier vos messages ind\u00e9sirables.<\/p>\t\t\t\t\t\t\t\t<\/div>\n\t\t\t\t<\/div>\n\t\t\t\t\t<\/div>\n\t\t<\/div>\n\t\t\t\t\t<\/div>\n\t\t<\/section>\n\t\t\t\t<\/div>","protected":false},"excerpt":{"rendered":"<p>\/e\/ account creation Sign up for your FREE \/e\/ account with a unique and personal email ID, 1GB of cloud&#8230;<\/p>","protected":false},"author":1,"featured_media":0,"parent":0,"menu_order":0,"comment_status":"closed","ping_status":"closed","template":"elementor_header_footer","meta":{"_seopress_robots_primary_cat":"","_seopress_titles_title":"","_seopress_titles_desc":"","_seopress_robots_index":"","footnotes":""},"class_list":["post-10585","page","type-page","status-publish","hentry","wpbf-post"],"_links":{"self":[{"href":"https:\/\/staging01.e.foundation\/fr\/wp-json\/wp\/v2\/pages\/10585","targetHints":{"allow":["GET"]}}],"collection":[{"href":"https:\/\/staging01.e.foundation\/fr\/wp-json\/wp\/v2\/pages"}],"about":[{"href":"https:\/\/staging01.e.foundation\/fr\/wp-json\/wp\/v2\/types\/page"}],"author":[{"embeddable":true,"href":"https:\/\/staging01.e.foundation\/fr\/wp-json\/wp\/v2\/users\/1"}],"replies":[{"embeddable":true,"href":"https:\/\/staging01.e.foundation\/fr\/wp-json\/wp\/v2\/comments?post=10585"}],"version-history":[{"count":0,"href":"https:\/\/staging01.e.foundation\/fr\/wp-json\/wp\/v2\/pages\/10585\/revisions"}],"wp:attachment":[{"href":"https:\/\/staging01.e.foundation\/fr\/wp-json\/wp\/v2\/media?parent=10585"}],"curies":[{"name":"wp","href":"https:\/\/api.w.org\/{rel}","templated":true}]}}