{"id":10585,"date":"2019-11-27T08:03:09","date_gmt":"2019-11-27T08:03:09","guid":{"rendered":"http:\/\/e.foundation\/?page_id=10585"},"modified":"2022-03-04T17:15:34","modified_gmt":"2022-03-04T17:15:34","slug":"e-email-invite","status":"publish","type":"page","link":"https:\/\/staging01.e.foundation\/es\/e-email-invite","title":{"rendered":"Creaci\u00f3n de cuenta \/e\/"},"content":{"rendered":"<div data-elementor-type=\"wp-page\" data-elementor-id=\"10585\" class=\"elementor elementor-10585\" data-elementor-post-type=\"page\">\n\t\t\t\t\t\t<section class=\"elementor-section elementor-top-section elementor-element elementor-element-41ae4fb7 elementor-section-height-min-height elementor-section-boxed elementor-section-height-default elementor-section-items-middle\" data-id=\"41ae4fb7\" data-element_type=\"section\" data-e-type=\"section\" id=\"my-ancor1\">\n\t\t\t\t\t\t<div class=\"elementor-container elementor-column-gap-default\">\n\t\t\t\t\t<div class=\"elementor-column elementor-col-100 elementor-top-column elementor-element elementor-element-611f1ff2\" data-id=\"611f1ff2\" data-element_type=\"column\" data-e-type=\"column\">\n\t\t\t<div class=\"elementor-widget-wrap elementor-element-populated\">\n\t\t\t\t\t\t<div class=\"elementor-element elementor-element-2f975bcb elementor-widget elementor-widget-heading\" data-id=\"2f975bcb\" data-element_type=\"widget\" data-e-type=\"widget\" data-widget_type=\"heading.default\">\n\t\t\t\t<div class=\"elementor-widget-container\">\n\t\t\t\t\t<h2 class=\"elementor-heading-title elementor-size-default\">Creaci\u00f3n de cuenta \/e\/<\/h2>\t\t\t\t<\/div>\n\t\t\t\t<\/div>\n\t\t\t\t<div class=\"elementor-element elementor-element-7c4b0d7e elementor-widget-divider--view-line elementor-widget elementor-widget-divider\" data-id=\"7c4b0d7e\" data-element_type=\"widget\" data-e-type=\"widget\" data-widget_type=\"divider.default\">\n\t\t\t\t<div class=\"elementor-widget-container\">\n\t\t\t\t\t\t\t<div class=\"elementor-divider\">\n\t\t\t<span class=\"elementor-divider-separator\">\n\t\t\t\t\t\t<\/span>\n\t\t<\/div>\n\t\t\t\t\t\t<\/div>\n\t\t\t\t<\/div>\n\t\t\t\t<div class=\"elementor-element elementor-element-1a17181 elementor-widget elementor-widget-text-editor\" data-id=\"1a17181\" data-element_type=\"widget\" data-e-type=\"widget\" data-widget_type=\"text-editor.default\">\n\t\t\t\t<div class=\"elementor-widget-container\">\n\t\t\t\t\t\t\t\t\t<p class=\"translation-block\">Reg\u00edstrate para obtener <strong>tu cuenta \/e\/ GRATIS<\/strong> con una direcci\u00f3n de correo electr\u00f3nico exclusivo y personal, 1 GByte de almacenamiento en la nube y otros beneficios.<\/p>\t\t\t\t\t\t\t\t<\/div>\n\t\t\t\t<\/div>\n\t\t\t\t<div class=\"elementor-element elementor-element-e3d4148 elementor-widget elementor-widget-html\" data-id=\"e3d4148\" data-element_type=\"widget\" data-e-type=\"widget\" data-widget_type=\"html.default\">\n\t\t\t\t<div class=\"elementor-widget-container\">\n\t\t\t\t\t<p id=\"wp-referral-code-message\" style=\"display: none;\" >C\u00f3digo de invitaci\u00f3n: <span id=\"wp-referral-code\" style=\"color: #12b555; font-weight: bold;\">{{REFERAL_CODE}}<\/span><\/p>\n<script>\n    let queryStr = window.location.search;\n    let params = new URLSearchParams(queryStr);\n    const referralCode = params.get('ref');\n    if (referralCode !== null) {\n        const codeEl = document.getElementById('wp-referral-code');\n        codeEl.textContent = referralCode;\n        const el = document.getElementById('wp-referral-code-message');\n        el.style.display = \"inline\";\n    }\n<\/script>\t\t\t\t<\/div>\n\t\t\t\t<\/div>\n\t\t\t\t<div class=\"elementor-element elementor-element-f1eb7a4 elementor-widget elementor-widget-html\" data-id=\"f1eb7a4\" data-element_type=\"widget\" data-e-type=\"widget\" data-widget_type=\"html.default\">\n\t\t\t\t<div class=\"elementor-widget-container\">\n\t\t\t\t\t<section class=\"elementor-section elementor-top-section elementor-element elementor-element-98dab7a elementor-section-boxed elementor-section-height-default elementor-section-height-default\" data-id=\"98dab7a\">\n  <div class=\"elementor-container elementor-column-gap-default\">\n    <div class=\"elementor-row\">\n      <div class=\"elementor-column elementor-col-100 elementor-top-column elementor-element>        <div class=\"elementor-column-wrap \">\n          <div class=\"elementor-widget-wrap\">\n            <div class=\"elementor-element elementor-element-e1dc301 elementor-button-align-center elementor-widget elementor-widget-form\">\n              <div class=\"elementor-widget-container\">\n\n<form class=\"elementor-form\" method=\"post\" name=\"Request Invitation\" action=\"\/es\/e-email-invite\/submit\/\" data-trp-original-action=\"\/e-email-invite\/submit\/\">\n\n  <div class=\"elementor-form-fields-wrapper elementor-labels-above\">\n    <div class=\"elementor-field-type-email elementor-field-group elementor-column elementor-field-group-mail1 elementor-col-75 elementor-field-required elementor-mark-required\">\n      <label for=\"form-field-mail1\" class=\"elementor-field-label\">Tu direcci\u00f3n de correo electr\u00f3nico<\/label>\n      <input size=\"1\" type=\"email\" name=\"mail1\" id=\"form-field-mail1\" class=\"elementor-field elementor-size-sm  elementor-field-textual\" placeholder=\"Correo electr\u00f3nico\" required=\"required\" aria-required=\"true\"><\/input>\n    <\/div>\n    <div class=\"elementor-field-type-email elementor-field-group elementor-column elementor-field-group-mail2 elementor-col-75 elementor-field-required elementor-mark-required\">\n        \n      <label for=\"form-field-mail2\" class=\"elementor-field-label\">Confirma tu direcci\u00f3n de correo electr\u00f3nico:<\/label><input size=\"1\" type=\"email\" name=\"mail2\" id=\"form-field-mail2\" class=\"elementor-field elementor-size-sm  elementor-field-textual\" placeholder=\"Correo electr\u00f3nico\" required=\"required\" aria-required=\"true\"><\/input>\n    <\/div>\n    <div class=\"elementor-field-type-html elementor-field-group elementor-column elementor-field-group-field_1 elementor-col-100\">\n\n    Por favor, aseg\u00farate de que tu direcci\u00f3n de correo electr\u00f3nico es correcta o no recibir\u00e1s el enlace de activaci\u00f3n de tu cuenta \/e\/!<\/div>\n\n    <div class=\"elementor-field-type-html elementor-field-group elementor-column elementor-field-group- elementor-col-100\">\n         <\/div>\n    <div class=\"elementor-field-type-html elementor-field-group elementor-column elementor-field-group-CODE\">\n\n      <p>Por favor, resuelve la operaci\u00f3n de la imagen:<\/p>\n      <img decoding=\"async\" src=\"\/e-email-invite\/captcha_img\" alt=\"Code\" style=\"width:145px\" \/> <input name=\"secure\" style='width:150px' placeholder=\"Escriba el c\u00f3digo\" type=\"text\" size=\"10\" onfocus=\"this.value=''\" \/>\n      <br\/>   <br\/>\n    <\/div>\n        <div class=\"elementor-field-type-html elementor-field-group elementor-column elementor-col-100\">\n        <input name=\"ref\" id=\"ref_code\" type=\"hidden\" \/>\n\n    <\/div>\n    <div class=\"elementor-field-group elementor-column elementor-field-type-submit elementor-col-100 e-form__buttons\" style=\"    justify-content: start;\">\n      <button type=\"submit\" class=\"elementor-button elementor-size-sm\" style=\"background:#12b555;\">\n        <span >\n          <span class=\"elementor-button-icon\"><\/span>\n          <span class=\"elementor-button-text\">Solicitar una invitaci\u00f3n<\/span>\n        <\/span>\n      <\/button>\n    <\/div>\n  <\/div>\n<input type=\"hidden\" name=\"trp-form-language\" value=\"es\"\/><\/form>\n\n<\/div><\/div><\/div><\/div><\/div><\/div><\/div><\/section>\n\n<script>\nconst queryString = window.location.search;\nconst urlParams = new URLSearchParams(queryString);\nif (urlParams.has('ref')) {\n    document.getElementById(\"ref_code\").value = urlParams.get('ref');\n}\n<\/script>\n\n\n\t\t\n\t\t\t\t<\/div>\n\t\t\t\t<\/div>\n\t\t\t\t\t<\/div>\n\t\t<\/div>\n\t\t\t\t\t<\/div>\n\t\t<\/section>\n\t\t\t\t<section class=\"elementor-section elementor-top-section elementor-element elementor-element-97aff49 elementor-section-height-min-height elementor-section-boxed elementor-section-height-default elementor-section-items-middle\" data-id=\"97aff49\" data-element_type=\"section\" data-e-type=\"section\" data-settings=\"{&quot;background_background&quot;:&quot;classic&quot;}\">\n\t\t\t\t\t\t<div class=\"elementor-container elementor-column-gap-default\">\n\t\t\t\t\t<div class=\"elementor-column elementor-col-100 elementor-top-column elementor-element elementor-element-d6bb300\" data-id=\"d6bb300\" data-element_type=\"column\" data-e-type=\"column\">\n\t\t\t<div class=\"elementor-widget-wrap elementor-element-populated\">\n\t\t\t\t\t\t<div class=\"elementor-element elementor-element-c62d31d elementor-widget elementor-widget-heading\" data-id=\"c62d31d\" data-element_type=\"widget\" data-e-type=\"widget\" data-widget_type=\"heading.default\">\n\t\t\t\t<div class=\"elementor-widget-container\">\n\t\t\t\t\t<h2 class=\"elementor-heading-title elementor-size-default\">Que va a pasar luego?<\/h2>\t\t\t\t<\/div>\n\t\t\t\t<\/div>\n\t\t\t\t<div class=\"elementor-element elementor-element-d8597af elementor-widget-divider--view-line elementor-widget elementor-widget-divider\" data-id=\"d8597af\" data-element_type=\"widget\" data-e-type=\"widget\" data-widget_type=\"divider.default\">\n\t\t\t\t<div class=\"elementor-widget-container\">\n\t\t\t\t\t\t\t<div class=\"elementor-divider\">\n\t\t\t<span class=\"elementor-divider-separator\">\n\t\t\t\t\t\t<\/span>\n\t\t<\/div>\n\t\t\t\t\t\t<\/div>\n\t\t\t\t<\/div>\n\t\t\t\t<div class=\"elementor-element elementor-element-5995fe8 elementor-widget elementor-widget-text-editor\" data-id=\"5995fe8\" data-element_type=\"widget\" data-e-type=\"widget\" data-widget_type=\"text-editor.default\">\n\t\t\t\t<div class=\"elementor-widget-container\">\n\t\t\t\t\t\t\t\t\t<p>\u00a0<\/p><p>Si su direcci\u00f3n de correo electr\u00f3nico es v\u00e1lida, recibir\u00e1 un enlace de invitaci\u00f3n en unos minutos. Le permitir\u00e1 crear un identificador \u00fanico que ser\u00e1 su direcci\u00f3n de correo electr\u00f3nico, como \"username@e.email\". Este identificador \u00fanico le permitir\u00e1 acceder los servicios en l\u00ednea \/e \/ como correo electr\u00f3nico, n\u00fabe, calendario, contactos ... desde su sistema operativo \/ e \/ m\u00f3vil.<\/p><p>Nota importante: si no ha recibido su invitaci\u00f3n despu\u00e9s de 10 minutos, verifique sus mensajes de SPAM.<\/p>\t\t\t\t\t\t\t\t<\/div>\n\t\t\t\t<\/div>\n\t\t\t\t\t<\/div>\n\t\t<\/div>\n\t\t\t\t\t<\/div>\n\t\t<\/section>\n\t\t\t\t<\/div>","protected":false},"excerpt":{"rendered":"<p>\/e\/ account creation Sign up for your FREE \/e\/ account with a unique and personal email ID, 1GB of cloud&#8230;<\/p>","protected":false},"author":1,"featured_media":0,"parent":0,"menu_order":0,"comment_status":"closed","ping_status":"closed","template":"elementor_header_footer","meta":{"_seopress_robots_primary_cat":"","_seopress_titles_title":"","_seopress_titles_desc":"","_seopress_robots_index":"","footnotes":""},"class_list":["post-10585","page","type-page","status-publish","hentry","wpbf-post"],"_links":{"self":[{"href":"https:\/\/staging01.e.foundation\/es\/wp-json\/wp\/v2\/pages\/10585","targetHints":{"allow":["GET"]}}],"collection":[{"href":"https:\/\/staging01.e.foundation\/es\/wp-json\/wp\/v2\/pages"}],"about":[{"href":"https:\/\/staging01.e.foundation\/es\/wp-json\/wp\/v2\/types\/page"}],"author":[{"embeddable":true,"href":"https:\/\/staging01.e.foundation\/es\/wp-json\/wp\/v2\/users\/1"}],"replies":[{"embeddable":true,"href":"https:\/\/staging01.e.foundation\/es\/wp-json\/wp\/v2\/comments?post=10585"}],"version-history":[{"count":0,"href":"https:\/\/staging01.e.foundation\/es\/wp-json\/wp\/v2\/pages\/10585\/revisions"}],"wp:attachment":[{"href":"https:\/\/staging01.e.foundation\/es\/wp-json\/wp\/v2\/media?parent=10585"}],"curies":[{"name":"wp","href":"https:\/\/api.w.org\/{rel}","templated":true}]}}